{"id":2092,"date":"2016-06-20T12:07:25","date_gmt":"2016-06-20T11:07:25","guid":{"rendered":"http:\/\/www.drcastro.es\/beta\/en\/?page_id=2092"},"modified":"2025-04-23T16:29:17","modified_gmt":"2025-04-23T15:29:17","slug":"aviso-legal","status":"publish","type":"page","link":"https:\/\/www.drcastro.es\/en\/aviso-legal\/","title":{"rendered":"Aviso Legal"},"content":{"rendered":"<p>[vc_row][vc_column][vc_column_text]<\/p>\n<p style=\"text-align: justify;\"><strong>1. ASPECTOS GENERALES<\/strong><br \/>\nEl presente aviso legal regula el uso y utilizaci\u00f3n del sitio web https:\/\/www.drcastro.es\/ del que es titular DAR\u00cdO CASTRO ALONSO (en adelante, tambi\u00e9n el TITULAR DE LA WEB).<\/p>\n<p>&nbsp;<\/p>\n<p style=\"text-align: justify;\">La navegaci\u00f3n por el sitio web del TITULAR DE LA WEB le atribuye la condici\u00f3n de USUARIO del mismo y conlleva su aceptaci\u00f3n plena y sin reservas de todas y cada una de las condiciones publicadas en este aviso legal, advirtiendo de que dichas condiciones<br \/>\npodr\u00e1n ser modificadas sin notificaci\u00f3n previa por parte del TITULAR DE LA WEB, en cuyo caso se proceder\u00e1 a su publicaci\u00f3n y aviso con la m\u00e1xima antelaci\u00f3n posible.<\/p>\n<p>&nbsp;<\/p>\n<p style=\"text-align: justify;\">Por ello es recomendable leer atentamente su contenido en caso de desear acceder y hacer uso de la informaci\u00f3n y de los servicios ofrecidos desde este sitio web.<\/p>\n<p>&nbsp;<\/p>\n<p style=\"text-align: justify;\">El usuario, adem\u00e1s, se obliga a hacer un uso correcto del sitio web de conformidad con las leyes, la buena fe, el orden p\u00fablico, los usos del tr\u00e1fico y el presente Aviso Legal, y responder\u00e1 frente al TITULAR DE LA WEB o frente a terceros, de cualesquiera da\u00f1os y perjuicios que pudieran causarse como consecuencia del incumplimiento de dicha obligaci\u00f3n.<\/p>\n<p>&nbsp;<\/p>\n<p style=\"text-align: justify;\">Cualquier utilizaci\u00f3n distinta a la autorizada est\u00e1 expresamente prohibida, pudiendo el TITULAR DE LA WEB denegar o retirar el acceso y su uso en cualquier momento.<\/p>\n<p>&nbsp;<\/p>\n<p style=\"text-align: justify;\"><strong>2. IDENTIFICACI\u00d3N Y COMUNICACIONES<\/strong><br \/>\nDe conformidad con el art\u00edculo 10 de la Ley 34\/2002, de 11 de Julio, de Servicios de la Sociedad de la Informaci\u00f3n y Comercio Electr\u00f3nico, se pone en su conocimiento que DAR\u00cdO CASTRO ALONSO, con NIF 70056586-N y domicilio social en C\/ P\u00cdO XII, 67 \u2013 C.P. 35006 en Las Palmas de Gran Canaria, gestiona los contenidos del sitio https:\/\/www.drcastro.es\/<\/p>\n<p style=\"text-align: justify;\">DAR\u00cdO CASTRO ALONSO es Licenciado en Odontolog\u00eda en Espa\u00f1a; Magister Universitario en Endodoncia, Cirug\u00eda Oral e Implantolog\u00eda en Inglaterra. Es miembro del Colegio Oficial de Odont\u00f3logos y Estomat\u00f3logos de Las Palmas (https:\/\/coelp.es\/), con el n\u00ba de Colegiado 35000755.<\/p>\n<p style=\"text-align: justify;\">En caso de querer ponerse en contacto con nosotros, puede dirigirse al domicilio arriba indicado, as\u00ed como al Tel\u00e9fono: (+34) 928 246 854 o bien enviando un correo electr\u00f3nico a: info@drcastro.es.<\/p>\n<p>&nbsp;<\/p>\n<p style=\"text-align: justify;\">Todas las notificaciones y comunicaciones entre los usuarios y EL TITULAR DE LA WEB se considerar\u00e1n eficaces, a todos los efectos, cuando se realicen a trav\u00e9s de cualquier medio de los detallados anteriormente.<\/p>\n<p>&nbsp;<\/p>\n<p style=\"text-align: justify;\"><strong>3. CONDICIONES GENERALES DE ACCESO Y USO DEL SITIO WEB<\/strong><br \/>\nTanto la navegaci\u00f3n como la utilizaci\u00f3n y\/o pedido de cualesquiera de los productos ofrecidos en esta p\u00e1gina Web le atribuye a Ud. la condici\u00f3n de Usuario y supone su aceptaci\u00f3n plena y sin reservas de todas y cada una de las Condiciones Generales y, en<br \/>\nsu caso, Particulares vigentes en el momento en que Ud. como Usuario acceda a la p\u00e1gina Web.<\/p>\n<p style=\"text-align: justify;\">El sitio web y sus servicios son de acceso libre y gratuito. No obstante, EL TITULAR DE LA WEB puede condicionar la utilizaci\u00f3n de algunos de los servicios ofrecidos en su web a la previa cumplimentaci\u00f3n del correspondiente formulario.<\/p>\n<p style=\"text-align: justify;\">El usuario garantiza la autenticidad y actualidad de todos aquellos datos que comunique al TITULAR DE LA WEB y ser\u00e1 el \u00fanico responsable de las manifestaciones falsas o inexactas que realice.<\/p>\n<p style=\"text-align: justify;\">Con car\u00e1cter general, el Usuario se obliga al cumplimiento de las presentes condiciones y t\u00e9rminos de uso y obrar siempre conforme a la ley, a las buenas costumbres y a las exigencias de la buena fe, empleando la diligencia adecuada a la naturaleza del servicio del que disfruta, y absteni\u00e9ndose de utilizar el presente sitio web de cualquier forma que pueda impedir, da\u00f1ar o deteriorar el normal funcionamiento del mismo, los bienes o derechos del TITULAR DE LA WEB, del resto de Usuarios o, en general, de cualquier tercero.<\/p>\n<p style=\"text-align: justify;\">En particular, y sin que ello implique restricci\u00f3n alguna a la obligaci\u00f3n asumida por el Usuario con car\u00e1cter general de conformidad con el apartado anterior, el Usuario se compromete expresamente a hacer un uso adecuado de los contenidos y servicios del TITULAR DE LA WEB y a no emplearlos para, entre otros:<\/p>\n<p style=\"text-align: justify;\">a) Difundir contenidos delictivos, violentos, pornogr\u00e1ficos, racistas, xen\u00f3fobos, ofensivos, de apolog\u00eda del terrorismo o, en general, contrarios a la ley o al orden p\u00fablico.<\/p>\n<p style=\"text-align: justify;\">b) Introducir en la red virus inform\u00e1ticos o realizar actuaciones susceptibles de alterar, estropear, interrumpir o generar errores o da\u00f1os en los documentos electr\u00f3nicos, datos o sistemas f\u00edsicos y l\u00f3gicos del TITULAR DE LA WEB o de terceras personas;<br \/>\nas\u00ed como obstaculizar el acceso de otros usuarios al sitio web y a sus servicios mediante el consumo masivo de los recursos inform\u00e1ticos a trav\u00e9s de los cuales EL TITULAR DE LA WEB presta sus servicios.<\/p>\n<p>&nbsp;<\/p>\n<p style=\"text-align: justify;\">c) Intentar acceder a las cuentas de correo electr\u00f3nico de otros usuarios o a \u00e1reas restringidas de los sistemas inform\u00e1ticos del TITULAR DE LA WEB o de terceros y, en su caso, extraer informaci\u00f3n.<\/p>\n<p style=\"text-align: justify;\">d) Vulnerar los derechos de propiedad intelectual o industrial, as\u00ed como violar la confidencialidad de la informaci\u00f3n del TITULAR DE LA WEB o de terceros.<\/p>\n<p style=\"text-align: justify;\">e) Suplantar la identidad de cualquier otro usuario.<\/p>\n<p style=\"text-align: justify;\">f) Reproducir, copiar, distribuir, poner a disposici\u00f3n de, o cualquier otra forma de comunicaci\u00f3n p\u00fablica, transformar o modificar los contenidos, a menos que se cuente con la autorizaci\u00f3n del titular de los correspondientes derechos o ello resulte legalmente permitido.<\/p>\n<p style=\"text-align: justify;\">g) Recabar datos con finalidad publicitaria y de remitir publicidad de cualquier clase y comunicaciones con fines de venta u otras de naturaleza comercial sin que medie su previa solicitud o consentimiento.<\/p>\n<p>&nbsp;<\/p>\n<p style=\"text-align: justify;\"><strong>3.1. Propiedad Intelectual e Industrial<\/strong><br \/>\nLa estructura, dise\u00f1o y forma de presentaci\u00f3n de los elementos disponibles en la presente web (gr\u00e1ficos, im\u00e1genes, fotograf\u00edas, muestras y materiales que aparecen en los mismos, tecnolog\u00edas industriales, ficheros, logotipos, combinaciones de colores y cualquier elemento susceptible de protecci\u00f3n) est\u00e1n protegidos por derechos de propiedad intelectual e industrial del TITULAR DE LA WEB, o sobre los que se han obtenido los derechos de uso correspondientes.<\/p>\n<p style=\"text-align: justify;\">En definitiva, los usuarios que accedan a este sitio web pueden visualizar los contenidos y efectuar, en su caso, copias privadas autorizadas siempre que los elementos reproducidos no sean cedidos posteriormente a terceros, ni se instalen a servidores conectados a redes, ni sean objeto de ning\u00fan tipo de explotaci\u00f3n.<\/p>\n<p style=\"text-align: justify;\">Asimismo, todas las marcas, nombres comerciales o signos distintivos de cualquier clase que aparecen en el sitio web son propiedad del TITULAR DE LA WEB, sin que pueda entenderse que el uso o acceso al mismo atribuya al usuario derecho alguno sobre los mismos.<\/p>\n<p style=\"text-align: justify;\">Est\u00e1 prohibida la reproducci\u00f3n, transformaci\u00f3n, distribuci\u00f3n, comunicaci\u00f3n p\u00fablica, puesta a disposici\u00f3n del p\u00fablico y, en general, cualquier otra forma de explotaci\u00f3n, parcial o total de los elementos referidos en el apartado anterior. Su publicaci\u00f3n en otras p\u00e1ginas web o en otros medios de comunicaci\u00f3n digitales o escritos requiere el consentimiento expreso del TITULAR DE LA WEB de la web, y, en todo caso, deber\u00e1n hacer referencia expl\u00edcita a la titularidad de los citados derechos de propiedad intelectual del TITULAR DE LA WEB. No se permite la utilizaci\u00f3n de los signos distintivos (marcas, nombres comerciales), salvo<br \/>\nautorizaci\u00f3n expresa de los leg\u00edtimos titulares.<\/p>\n<p style=\"text-align: justify;\">El contenido de esta p\u00e1gina no debe ser utilizado para difusi\u00f3n p\u00fablica o con fines comerciales, y no debe ser modificado sin el consentimiento escrito del TITULAR DE LA WEB.<\/p>\n<p style=\"text-align: justify;\">EL TITULAR DE LA WEB no se responsabiliza del uso que cada usuario les d\u00e9 a los materiales puestos a disposici\u00f3n en este sitio web ni de las actuaciones que realice en base a los mismos.<\/p>\n<p style=\"text-align: justify;\"><strong>3.2. Exclusi\u00f3n de garant\u00edas y de responsabilidad en el acceso y utilizaci\u00f3n<\/strong><br \/>\nEl contenido del presente sitio web es de car\u00e1cter general y tiene una finalidad meramente informativa, sin que se garantice plenamente el acceso a todos los contenidos, ni su exhaustividad, correcci\u00f3n, vigencia o actualidad, ni su idoneidad o utilidad para un objetivo espec\u00edfico.<\/p>\n<p style=\"text-align: justify;\">EL TITULAR DE LA WEB excluye, hasta donde permite el ordenamiento jur\u00eddico, cualquier responsabilidad por los da\u00f1os y perjuicios de toda naturaleza derivados de:<\/p>\n<p>&nbsp;<\/p>\n<p style=\"text-align: justify;\">a) La imposibilidad de acceso al sitio web o la falta de veracidad, exactitud, exhaustividad y\/o actualidad de los contenidos, as\u00ed como la existencia de vicios y defectos de toda clase de los contenidos transmitidos, difundidos, almacenados, puestos a disposici\u00f3n, a los que se haya accedido a trav\u00e9s del sitio web o de los servicios que se ofrecen.<\/p>\n<p>&nbsp;<\/p>\n<p style=\"text-align: justify;\">b) La presencia de virus o de otros elementos en los contenidos que puedan producir alteraciones en los sistemas inform\u00e1ticos, documentos electr\u00f3nicos o datos de los usuarios.<\/p>\n<p>&nbsp;<\/p>\n<p style=\"text-align: justify;\">c) El incumplimiento de las leyes, la buena fe, el orden p\u00fablico, los usos del tr\u00e1fico y el presente aviso legal como consecuencia del uso incorrecto del sitio web. En particular, y a modo ejemplificativo, el TITULAR DE LA WEB no se hace responsable de las actuaciones de terceros que vulneren derechos de propiedad intelectual e industrial, secretos empresariales, derechos al honor, a la intimidad personal y familiar y a la propia imagen, as\u00ed como la normativa en materia de competencia desleal y publicidad il\u00edcita.<\/p>\n<p>&nbsp;<\/p>\n<p style=\"text-align: justify;\">d) Con car\u00e1cter general, respecto del uso inadecuado de su sitio web. Los usuarios deber\u00e1n realizar un uso adecuado del mismo, de acuerdo con las condiciones y t\u00e9rminos anteriores, sin que ninguna responsabilidad pueda tener el TITULAR DE LA WEB por la utilizaci\u00f3n indebida.<\/p>\n<p>&nbsp;<\/p>\n<p style=\"text-align: justify;\">e) Respecto de posibles deficiencias t\u00e9cnicas. EL TITULAR DE LA WEB no ser\u00e1 responsable en ning\u00fan caso de las alteraciones en el servicio que se produzcan por fallos en la red el\u00e9ctrica, en la red de conexi\u00f3n de datos, en el servidor o en cualesquiera prestaciones.<\/p>\n<p style=\"text-align: justify;\">f) Respecto al acceso por terceros a su sistema. EL TITULAR DE LA WEB adoptar\u00e1 las cautelas t\u00e9cnicas necesarias a fin de proteger los datos e informaci\u00f3n a la que se accede, pero sin que sea responsable de actuaciones de terceros que, vulnerando<br \/>\nlas medidas de seguridad establecidas, accedan a los citados datos.<\/p>\n<p style=\"text-align: justify;\">EL TITULAR DE LA WEB invierte constantemente en medios tecnol\u00f3gicos que intentan minimizar el riesgo de virus y software similar, y contenidos no autorizados en sus sistemas de informaci\u00f3n. A pesar de ello, el Usuario es consciente de que debe adoptar sus propias medidas orientadas a minimizar los da\u00f1os ocasionados por software no autorizado, virus, troyanos y cualquier clase del software denominado malware, eximiendo al TITULAR DE LA WEB de toda responsabilidad que pudiese derivarse de la contenci\u00f3n de malware en los tratamientos habilitados en la presente web.<\/p>\n<p style=\"text-align: justify;\"><strong>3.3. Utilizaci\u00f3n de hiperenlaces<\/strong><br \/>\nEl usuario de Internet que quiera introducir enlaces desde sus propias Webs a la P\u00e1gina Web deber\u00e1 cumplir con las condiciones que se detallan a continuaci\u00f3n sin que el desconocimiento de las mismas evite las responsabilidades derivadas de la Ley.<\/p>\n<p style=\"text-align: justify;\">El enlace \u00fanicamente vincular\u00e1 con la home page o p\u00e1gina principal de la p\u00e1gina Web pero no podr\u00e1 reproducirla de ninguna forma (inline links, copia de los textos, gr\u00e1ficos, etc.).\u00a0Quedar\u00e1 en todo caso prohibido, de acuerdo con la legislaci\u00f3n aplicable y vigente en cada momento, establecer frames o marcos de cualquier tipo que envuelvan a la p\u00e1gina Web o permitan la visualizaci\u00f3n de los contenidos a trav\u00e9s de direcciones de Internet distintas a las de la p\u00e1gina Web y, en cualquier caso, cuando se visualicen conjuntamente con contenidos ajenos a la P\u00e1gina Web de forma que: (I) produzca, o pueda producir, error, confusi\u00f3n o enga\u00f1o en los usuarios sobre la verdadera procedencia del servicio o Contenidos; (II) suponga un acto de comparaci\u00f3n o imitaci\u00f3n desleal; (III) sirva para aprovechar la reputaci\u00f3n de la marca y prestigio del TITULAR DE LA WEB; o (IV) de cualquier otra forma resulte prohibido por la legislaci\u00f3n vigente.<\/p>\n<p style=\"text-align: justify;\">No se realizar\u00e1n desde la p\u00e1gina que introduce el enlace ning\u00fan tipo de manifestaci\u00f3n falsa, inexacta o incorrecta sobre EL TITULAR DE LA WEB, su direcci\u00f3n, empleados, clientes o sobre la calidad de los servicios que presta.<\/p>\n<p style=\"text-align: justify;\">En ning\u00fan caso se expresar\u00e1 en la p\u00e1gina donde se ubique el enlace, que EL TITULAR DE LA WEB ha prestado su consentimiento para la inserci\u00f3n del enlace o que de otra forma patrocina, colabora, verifica o supervisa los servicios del remitente.<\/p>\n<p style=\"text-align: justify;\">Est\u00e1 prohibida la utilizaci\u00f3n de cualquier marca denominativa, gr\u00e1fica o mixta o cualquier otro signo distintivo del TITULAR DE LA WEB dentro de la p\u00e1gina del remitente salvo en los casos permitidos por la ley o expresamente autorizados por EL TITULAR DE LA WEB y siempre que se permita, en estos casos, un enlace directo con la p\u00e1gina Web en la forma establecida en esta cl\u00e1usula.<\/p>\n<p style=\"text-align: justify;\">La p\u00e1gina que establezca el enlace deber\u00e1 cumplir fielmente con la ley y no podr\u00e1 en ning\u00fan caso disponer o enlazar con contenidos propios o de terceros que: (I) sean il\u00edcitos, nocivos o contrarios a la moral y a las buenas costumbres (pornogr\u00e1ficos, violentos, racistas, etc.); (II) induzcan o puedan inducir en el Usuario la falsa concepci\u00f3n de que EL TITULAR DE LA WEB suscribe, respalda, se adhiere o de cualquier manera apoya, las ideas, manifestaciones o expresiones, l\u00edcitas o il\u00edcitas, del remitente; (III) resulten inapropiados o no pertinentes con la actividad de en atenci\u00f3n al lugar, contenidos y tem\u00e1tica de la p\u00e1gina Web del remitente. Igualmente, el Usuario se abstendr\u00e1 de incluir en la p\u00e1gina Web cualquier hiperenlace (en adelante, &#8220;link&#8221;) dirigido a una p\u00e1gina Web que contenga informaci\u00f3n o contenidos il\u00edcitos, contrarios a la moral y buenas costumbres generalmente<br \/>\naceptadas, y al orden p\u00fablico.<\/p>\n<p style=\"text-align: justify;\"><strong>3.4. Procedimiento en caso de realizaci\u00f3n de actividades de car\u00e1cter il\u00edcito<\/strong><br \/>\nEn el caso de que cualquier usuario o un tercero considere que existen hechos o circunstancias que revelen el car\u00e1cter il\u00edcito de la utilizaci\u00f3n de cualquier contenido y\/o de la realizaci\u00f3n de cualquier actividad en las p\u00e1ginas web incluidas o accesibles a trav\u00e9s del sitio web, deber\u00e1 enviar una notificaci\u00f3n al TITULAR DE LA WEB identific\u00e1ndose debidamente, especificando las supuestas infracciones y declarando expresamente y bajo su responsabilidad que la informaci\u00f3n proporcionada en la notificaci\u00f3n es exacta.<\/p>\n<p style=\"text-align: justify;\"><strong>3.5. Publicaciones<\/strong><br \/>\nLa informaci\u00f3n administrativa facilitada a trav\u00e9s del sitio web no sustituye la publicidad legal de las leyes, normativas, planes, disposiciones generales y actos que tengan que ser publicados formalmente a los diarios oficiales de las administraciones p\u00fablicas, que constituyen el \u00fanico instrumento que da fe de su autenticidad y contenido. La informaci\u00f3n disponible en este sitio web debe entenderse como una gu\u00eda sin prop\u00f3sito de validez legal.<\/p>\n<p>&nbsp;<\/p>\n<p><strong>4. JURISDICCI\u00d3N Y LEGISLACI\u00d3N APLICABLE<\/strong><br \/>\nLos t\u00e9rminos y condiciones que rigen este web site y todas las relaciones que pudieran derivarse se encuentran salvaguardados por la legislaci\u00f3n espa\u00f1ola. Cualquier controversia que pudiera derivarse del acceso o la utilizaci\u00f3n de este web site ser\u00e1 de<br \/>\ncompetencia de los tribunales de Las Palmas de Gran Canaria.<\/p>\n<p>&nbsp;<\/p>\n<p>La lengua utilizada ser\u00e1 el Castellano.<\/p>\n<p>[\/vc_column_text][\/vc_column][\/vc_row]<\/p>\n","protected":false},"excerpt":{"rendered":"<p>[vc_row][vc_column][vc_column_text] 1. ASPECTOS GENERALES El presente aviso legal regula el uso y utilizaci\u00f3n del sitio web https:\/\/www.drcastro.es\/ del que es titular DAR\u00cdO CASTRO ALONSO (en adelante, tambi\u00e9n el TITULAR DE LA WEB). &nbsp; La navegaci\u00f3n por el sitio web del TITULAR DE LA WEB le atribuye la condici\u00f3n de USUARIO del mismo y conlleva su [&hellip;]<\/p>\n","protected":false},"author":1,"featured_media":0,"parent":0,"menu_order":10,"comment_status":"closed","ping_status":"closed","template":"","meta":{"footnotes":""},"_links":{"self":[{"href":"https:\/\/www.drcastro.es\/en\/wp-json\/wp\/v2\/pages\/2092"}],"collection":[{"href":"https:\/\/www.drcastro.es\/en\/wp-json\/wp\/v2\/pages"}],"about":[{"href":"https:\/\/www.drcastro.es\/en\/wp-json\/wp\/v2\/types\/page"}],"author":[{"embeddable":true,"href":"https:\/\/www.drcastro.es\/en\/wp-json\/wp\/v2\/users\/1"}],"replies":[{"embeddable":true,"href":"https:\/\/www.drcastro.es\/en\/wp-json\/wp\/v2\/comments?post=2092"}],"version-history":[{"count":5,"href":"https:\/\/www.drcastro.es\/en\/wp-json\/wp\/v2\/pages\/2092\/revisions"}],"predecessor-version":[{"id":3679,"href":"https:\/\/www.drcastro.es\/en\/wp-json\/wp\/v2\/pages\/2092\/revisions\/3679"}],"wp:attachment":[{"href":"https:\/\/www.drcastro.es\/en\/wp-json\/wp\/v2\/media?parent=2092"}],"curies":[{"name":"wp","href":"https:\/\/api.w.org\/{rel}","templated":true}]}}