{"id":2096,"date":"2016-06-20T12:10:29","date_gmt":"2016-06-20T11:10:29","guid":{"rendered":"http:\/\/www.drcastro.es\/beta\/en\/?page_id=2096"},"modified":"2020-08-24T17:41:35","modified_gmt":"2020-08-24T16:41:35","slug":"politica-de-cookies","status":"publish","type":"page","link":"https:\/\/www.drcastro.es\/en\/politica-de-cookies\/","title":{"rendered":"Pol\u00edtica de Cookies"},"content":{"rendered":"<p>[vc_row][vc_column][vc_column_text]<\/p>\n<p style=\"text-align: justify;\">El uso de Cookies permite optimizar la navegaci\u00f3n, adaptando la informaci\u00f3n y los servicios ofrecidos a los intereses del usuario,\u00a0 para proporcionarle una mejor experiencia siempre que visita el sitio web. Este sitio web, al igual que la mayor\u00eda de los sitios en Internet, utiliza Cookies para funcionar, adaptar y facilitar al m\u00e1ximo la navegaci\u00f3n del usuario.<\/p>\n<p style=\"text-align: justify;\">A continuaci\u00f3n encontrar\u00e1 informaci\u00f3n detallada sobre qu\u00e9 son las Cookies, qu\u00e9 tipo de Cookies utiliza este sitio web, c\u00f3mo puede desactivarlas en su navegador y c\u00f3mo bloquear espec\u00edficamente la instalaci\u00f3n de Cookies de terceros.<\/p>\n<p>&nbsp;<\/p>\n<p><strong><span style=\"font-size: 16px; color: #ae1010;\">\u00bfQU\u00c9 SON LAS COOKIES?<\/span><\/strong><\/p>\n<p style=\"text-align: justify;\">Las cookies son archivos de texto que contienen peque\u00f1as cantidades de informaci\u00f3n relacionada con tu usuario, tus preferencias o tu dispositivo, que se descargan en tu equipo cuando accedes a determinados sitios web como, por ejemplo, \u00e9ste. Despu\u00e9s, las cookies se env\u00edan de vuelta a la p\u00e1gina web de origen (cookies de origen) o a otras p\u00e1ginas web (cookies de terceros). La informaci\u00f3n generalmente no te identifica de forma directa y puede proporcionarte una experiencia web m\u00e1s personalizada. Las cookies permiten a dichos sitios web, entre otras cosas, el correcto funcionamiento del sitio web, personalizar tu experiencia de usuario, mejorar la funcionalidad del sitio web, almacenar y recuperar informaci\u00f3n sobre tus h\u00e1bitos de navegaci\u00f3n o los de tu equipo, mostrarte publicidad en funci\u00f3n de tus preferencias y, en determinados casos, reconocer tu dispositivo. Bajo el t\u00e9rmino \u201ccookies\u201d pueden englobarse otro tipo de tecnolog\u00edas similares como \u201cpixeles\u201d. Un pixel es un fragmento de c\u00f3digo que se coloca en el sitio web para activar una cookie que aporta informaci\u00f3n sobre la visita.<\/p>\n<p>&nbsp;<\/p>\n<p><strong><span style=\"font-size: 16px; color: #ae1010;\">\u00bfQU\u00c9 TIPOS DE COOKIES EXISTEN?<\/span><\/strong><\/p>\n<p>&nbsp;<\/p>\n<p style=\"text-align: justify;\">1. SEG\u00daN LA ENTIDAD QUE LAS GESTIONE.<\/p>\n<p style=\"text-align: justify;\">Seg\u00fan qui\u00e9n sea la entidad que gestione el equipo o dominio desde donde se env\u00edan las cookies y trate los datos que se obtengan, podemos distinguir:<\/p>\n<p>&nbsp;<\/p>\n<p style=\"text-align: justify;\">a) <strong>Cookies propias<\/strong>: son aquellas que se env\u00edan al equipo terminal del usuario desde un equipo o dominio gestionado por el propio editor y desde el que se presta el servicio solicitado por el usuario.<\/p>\n<p>&nbsp;<\/p>\n<p style=\"text-align: justify;\">b) <strong>Cookies de tercero<\/strong>: son aquellas que se env\u00edan al equipo terminal del usuario desde un equipo o dominio que no es gestionado por el editor, sino por otra entidad que trata los datos obtenidos trav\u00e9s de las cookies.<\/p>\n<p style=\"text-align: justify;\">En el caso de que las cookies sean servidas desde un equipo o dominio gestionado por el propio editor, pero la informaci\u00f3n que se recoja mediante estas sea gestionada por un tercero, no pueden ser consideradas como cookies propias si el tercero las utiliza para sus propias finalidades (por ejemplo, la mejora de los servicios que presta o la prestaci\u00f3n de servicios de car\u00e1cter publicitario a favor de otras entidades).<\/p>\n<p>&nbsp;<\/p>\n<p>2. SEG\u00daN SU FINALIDAD.<\/p>\n<p style=\"text-align: justify;\">Existen muchas finalidades para el uso de las cookies. Seg\u00fan la finalidad para la que se traten los datos obtenidos a trav\u00e9s de las cookies, algunas de las finalidades pueden ser:<\/p>\n<p>&nbsp;<\/p>\n<p style=\"text-align: justify;\">a) <strong>Cookies t\u00e9cnicas<\/strong>: son aquellas que permiten al usuario la navegaci\u00f3n a trav\u00e9s de una p\u00e1gina web, plataforma o aplicaci\u00f3n y la utilizaci\u00f3n de las diferentes opciones o servicios que en ella existan, incluyendo aquellas que el editor utiliza para permitir la gesti\u00f3n y operativa de la p\u00e1gina web y habilitar sus funciones y servicios, como, por ejemplo, controlar el tr\u00e1fico y la comunicaci\u00f3n de datos, identificar la sesi\u00f3n, acceder a partes de acceso restringido, recordar los elementos que integran un pedido, realizar el proceso de compra de un pedido, gestionar el pago, controlar el fraude vinculado a la seguridad del servicio, realizar la solicitud de inscripci\u00f3n o participaci\u00f3n en un evento, contar visitas a efectos de la facturaci\u00f3n de licencias del software con el que funciona el servicio (sitio web, plataforma o aplicaci\u00f3n), utilizar elementos de seguridad durante la navegaci\u00f3n, almacenar contenidos para la difusi\u00f3n de v\u00eddeos o sonido, habilitar contenidos din\u00e1micos (por ejemplo, animaci\u00f3n de carga de un texto o imagen) o compartir contenidos a trav\u00e9s de redes sociales.<\/p>\n<p style=\"text-align: justify;\">Tambi\u00e9n pertenecen a esta categor\u00eda, por su naturaleza t\u00e9cnica, aquellas cookies que permiten la gesti\u00f3n, de la forma m\u00e1s eficaz posible, de los espacios publicitarios que, como un elemento m\u00e1s de dise\u00f1o o \u201cmaquetaci\u00f3n\u201d del servicio ofrecido al usuario, el editor haya incluido en una p\u00e1gina web, aplicaci\u00f3n o plataforma en base a criterios como el contenido editado, sin que se recopile informaci\u00f3n de los usuarios con fines distintos, como puede ser personalizar ese contenido publicitario u otros contenidos.<\/p>\n<p style=\"text-align: justify;\">Estas cookies son necesarias para que el sitio web funcione correctamente y no se pueden desactivar de nuestros sistemas. Por ello, resultan obligatorias y estar\u00e1n exceptuadas del cumplimiento de las obligaciones establecidas en el art\u00edculo 22.2 de la LSSI cuando permitan prestar el servicio solicitado por el usuario, como ocurre en el caso de las cookies enumeradas en los p\u00e1rrafos anteriores. Sin embargo, si estas cookies se utilizan tambi\u00e9n para finalidades no exentas (por ejemplo, para fines publicitarios comportamentales), quedar\u00e1n sujetas a dichas obligaciones.<\/p>\n<p style=\"text-align: justify;\">Puede configurar su navegador para bloquear o alertar sobre estas cookies, pero algunas \u00e1reas del sitio no funcionar\u00e1n. Estas cookies no almacenan ninguna informaci\u00f3n de identificaci\u00f3n personal.<\/p>\n<p>&nbsp;<\/p>\n<p style=\"text-align: justify;\">b) <strong>Cookies de preferencias o personalizaci\u00f3n<\/strong>: son aquellas que permiten recordar informaci\u00f3n para que el usuario acceda al servicio con determinadas caracter\u00edsticas que pueden diferenciar su experiencia de la de otros usuarios, como, por ejemplo, el idioma, el n\u00famero de resultados a mostrar cuando el usuario realiza una b\u00fasqueda, el aspecto o contenido del servicio en funci\u00f3n del tipo de navegador a trav\u00e9s del cual el usuario accede al servicio o de la regi\u00f3n desde la que accede al servicio, etc. Si es el propio usuario quien elige esas caracter\u00edsticas (por ejemplo, si selecciona el idioma de un sitio web clicando en el icono de la bandera del pa\u00eds correspondiente), las cookies estar\u00e1n exceptuadas de las obligaciones del art\u00edculo 22.2 de la LSSI por considerarse un servicio expresamente solicitado por el usuario, y ello siempre y cuando las cookies obedezcan exclusivamente a la finalidad seleccionada.<\/p>\n<p>&nbsp;<\/p>\n<p style=\"text-align: justify;\">c) <strong>Cookies de an\u00e1lisis o medici\u00f3<\/strong>n: son aquellas que permiten al responsable de las mismas el seguimiento y an\u00e1lisis del comportamiento de los usuarios de los sitios web a los que est\u00e1n vinculadas, incluida la cuantificaci\u00f3n de los impactos de los anuncios. La informaci\u00f3n recogida mediante este tipo de cookies se utiliza en la medici\u00f3n de la actividad de los sitios web, aplicaci\u00f3n o plataforma, con el fin de introducir mejoras en funci\u00f3n del an\u00e1lisis de los datos de uso que hacen los usuarios del servicio. Estas cookies no est\u00e1n exentas del deber de obtener un consentimiento informado para su uso.<\/p>\n<p>&nbsp;<\/p>\n<p style=\"text-align: justify;\">d) <strong>Cookies de publicidad comportamental:<\/strong> son aquellas que almacenan informaci\u00f3n del comportamiento de los usuarios obtenida a trav\u00e9s de la observaci\u00f3n continuada de sus h\u00e1bitos de navegaci\u00f3n, lo que permite desarrollar un perfil espec\u00edfico para mostrar publicidad en funci\u00f3n del mismo. Estas cookies no est\u00e1n exentas del deber de obtener un consentimiento informado para su uso.<\/p>\n<p>&nbsp;<\/p>\n<p>3. SEG\u00daN EL PLAZO DE TIEMPO QUE PERMANECEN ACTIVADAS.<\/p>\n<p>Seg\u00fan el plazo de tiempo que permanecen activadas en el equipo terminal podemos distinguir:<\/p>\n<p>&nbsp;<\/p>\n<p style=\"text-align: justify;\">a)<strong> Cookies de sesi\u00f3n<\/strong>: son aquellas dise\u00f1adas para recabar y almacenar datos mientras el usuario accede a una p\u00e1gina web. Se suelen emplear para almacenar informaci\u00f3n que s\u00f3lo interesa conservar para la prestaci\u00f3n del servicio solicitado por el usuario en una sola ocasi\u00f3n (por ejemplo, una lista de productos adquiridos) y desaparecen al terminar la sesi\u00f3n.<\/p>\n<p>&nbsp;<\/p>\n<p style=\"text-align: justify;\">b) <strong>Cookies persistentes<\/strong>: son aquellas en las que los datos siguen almacenados en el terminal y pueden ser accedidos y tratados durante un periodo definido por el responsable de la cookie, y que puede ir de unos minutos a varios a\u00f1os.<\/p>\n<p>&nbsp;<\/p>\n<p style=\"text-align: justify;\">A este respecto debe valorarse espec\u00edficamente si es necesaria la utilizaci\u00f3n de cookies persistentes, puesto que los riesgos para la privacidad podr\u00edan reducirse mediante la utilizaci\u00f3n de cookies de sesi\u00f3n. En todo caso, cuando se instalen cookies persistentes, se recomienda reducir al m\u00ednimo necesario su duraci\u00f3n temporal atendiendo a la finalidad de su uso. A estos efectos, el Dictamen 4\/2012 del Grupo de Trabajo del Art\u00edculo 29 (GT29, que dio origen al Comit\u00e9 Europeo de Protecci\u00f3n de Datos) indic\u00f3 que para que una cookie pueda estar exenta del deber de consentimiento informado, su caducidad debe estar relacionada con su finalidad. Debido a ello, es mucho m\u00e1s probable que se consideren como exceptuadas las cookies de sesi\u00f3n que las persistentes.<\/p>\n<p>&nbsp;<\/p>\n<p><strong><span style=\"font-size: 16px; color: #ae1010;\">\u00bfQU\u00c9 TIPOS DE COOKIES UTILIZA ESTA P\u00c1GINA WEB?<\/span><\/strong><\/p>\n<p>En https:\/\/www.drcastro.es\/ respetamos tu derecho a la privacidad. Por ello, en el momento en que accedes a nuestro sitio web puedes aceptar la instalaci\u00f3n de cookies o bien puedes cambiar la configuraci\u00f3n predeterminada. Ten en cuenta que,\u00a0 dependiendo de la cookie que desactives, es posible que algunos servicios o funcionalidades que te ofrecemos se vean afectadas. Tambi\u00e9n podr\u00e1s, en cualquier momento, revocar tu consentimiento para el uso de las cookies configurando t\u00fa mismo los\u00a0 permisos.<\/p>\n<p>En la siguiente tabla se detallan las cookies utilizadas en nuestra Web:<\/p>\n<p>&nbsp;<\/p>\n<table style=\"border-collapse: collapse; width: 100%; height: 68px;\">\n<tbody>\n<tr style=\"height: 17px;\">\n<td style=\"width: 33.7403%; height: 17px;\"><strong>Nombre de cookie<\/strong><\/td>\n<td style=\"width: 18.0592%; height: 17px;\"><strong>Tipo seg\u00fan entidad<\/strong><\/td>\n<td style=\"width: 25.8997%; height: 17px;\"><strong>Tipo seg\u00fan finalidad<\/strong><\/td>\n<td style=\"width: 22.3008%; height: 17px;\"><strong>Tipo seg\u00fan el plazo<\/strong><\/td>\n<\/tr>\n<tr style=\"height: 17px;\">\n<td style=\"width: 33.7403%; height: 17px;\">Google Analytics (Esta aplicaci\u00f3n<br \/>\nha sido desarrollada por Google<br \/>\nque nos presta el servicio de<br \/>\nmedici\u00f3n y an\u00e1lisis de la<br \/>\naudiencia de nuestras p\u00e1ginas.)<\/td>\n<td style=\"width: 18.0592%; height: 17px;\">De tercero<\/td>\n<td style=\"width: 25.8997%; height: 17px;\">cookies de an\u00e1lisis\/medici\u00f3n<\/td>\n<td style=\"width: 22.3008%; height: 17px;\">De sesi\u00f3n<\/td>\n<\/tr>\n<tr style=\"height: 17px;\">\n<td style=\"width: 33.7403%; height: 17px;\">WPML. (plugin para wordpress<br \/>\npara la creaci\u00f3n y administraci\u00f3n<br \/>\nde sitios web multiling\u00fce)<\/td>\n<td style=\"width: 18.0592%; height: 17px;\">De tercero<\/td>\n<td style=\"width: 25.8997%; height: 17px;\">cookies de<br \/>\npreferencias\/personalizaci\u00f3n<\/td>\n<td style=\"width: 22.3008%; height: 17px;\">De sesi\u00f3n<\/td>\n<\/tr>\n<tr style=\"height: 17px;\">\n<td style=\"width: 33.7403%; height: 17px;\">METRICOOL (herramienta para<br \/>\nanalizar, gestionar y medir el<br \/>\n\u00e9xito de los contenidos digitales)<\/td>\n<td style=\"width: 18.0592%; height: 17px;\">De tercero<\/td>\n<td style=\"width: 25.8997%; height: 17px;\">cookies de an\u00e1lisis\/medici\u00f3n<\/td>\n<td style=\"width: 22.3008%; height: 17px;\">De sesi\u00f3n<\/td>\n<\/tr>\n<\/tbody>\n<\/table>\n<p>&nbsp;<\/p>\n<p><strong><span style=\"font-size: 16px; color: #ae1010;\">\u00bfC\u00d3MO PUEDO DESHABILITAR LAS COOKIES DESDE MI NAVEGADOR?<\/span><\/strong><\/p>\n<p>Te recordamos que, si lo deseas, tambi\u00e9n puedes deshabilitar las cookies a trav\u00e9s de tus navegadores de Internet. Estos son los enlaces de los distintos navegadores m\u00e1s habituales:<\/p>\n<p>Para m\u00e1s informaci\u00f3n sobre Internet Explorer:<br \/>\nhttps:\/\/support.microsoft.com\/es-es\/help\/17442\/windows-internet-explorer-delete-manage-cookies<\/p>\n<p>Para m\u00e1s informaci\u00f3n sobre Google Chrome:<br \/>\nhttps:\/\/support.google.com\/chrome\/answer\/95647?hl=es<\/p>\n<p>Para m\u00e1s informaci\u00f3n sobre Opera:<br \/>\nhttps:\/\/help.opera.com\/en\/latest\/web-preferences\/#cookies<\/p>\n<p>Para m\u00e1s informaci\u00f3n sobre Mozilla Firefox:<br \/>\nhttps:\/\/support.mozilla.org\/es\/kb\/habilitar-y-deshabilitar-cookies-sitios-web-rastrearpreferencias?<br \/>\nredirectlocale=es&amp;redirectslug=habilitar-y-deshabilitar-cookies-que-los-sitios-we<\/p>\n<p>Para m\u00e1s informaci\u00f3n sobre Safari:<br \/>\nhttps:\/\/support.apple.com\/es-es\/guide\/safari\/sfri11471\/mac<\/p>\n<p>&nbsp;<\/p>\n<p><strong>Complemento de inhabilitaci\u00f3n de Google Analytics para navegadores.<\/strong><br \/>\nSi deseas rechazar las cookies anal\u00edticas de Google Analytics en todos los navegadores, de forma que no se env\u00ede informaci\u00f3n tuya a Google Analytics, puedes descargar un complemento que realiza esta funci\u00f3n desde este enlace:<br \/>\nhttps:\/\/tools.google.com\/dlpage\/gaoptout.<\/p>\n<p>&nbsp;<\/p>\n<p><strong><span style=\"font-size: 16px; color: #ae1010;\">ACTUALIZACI\u00d3N DE LA POL\u00cdTICA DE COOKIES<\/span><\/strong><\/p>\n<p>El PROPIETARIO DE LA WEB puede modificar esta Pol\u00edtica de cookies en funci\u00f3n de exigencias legislativas, reglamentarias, o con la finalidad de adaptar dicha pol\u00edtica a las instrucciones dictadas por la Agencia Espa\u00f1ola de Protecci\u00f3n de Datos, por ello se aconseja a los usuarios que la visiten peri\u00f3dicamente.<\/p>\n<p style=\"text-align: justify;\">Cuando se produzcan cambios significativos en esta Pol\u00edtica de cookies, se comunicar\u00e1 a los usuarios bien mediante la web y en su caso, a trav\u00e9s de correo electr\u00f3nico a los usuarios registrados.<\/p>\n<p>[\/vc_column_text][\/vc_column][\/vc_row]<\/p>\n","protected":false},"excerpt":{"rendered":"<p>[vc_row][vc_column][vc_column_text] El uso de Cookies permite optimizar la navegaci\u00f3n, adaptando la informaci\u00f3n y los servicios ofrecidos a los intereses del usuario,\u00a0 para proporcionarle una mejor experiencia siempre que visita el sitio web. Este sitio web, al igual que la mayor\u00eda de los sitios en Internet, utiliza Cookies para funcionar, adaptar y facilitar al m\u00e1ximo la [&hellip;]<\/p>\n","protected":false},"author":1,"featured_media":0,"parent":0,"menu_order":11,"comment_status":"closed","ping_status":"closed","template":"","meta":{"footnotes":""},"_links":{"self":[{"href":"https:\/\/www.drcastro.es\/en\/wp-json\/wp\/v2\/pages\/2096"}],"collection":[{"href":"https:\/\/www.drcastro.es\/en\/wp-json\/wp\/v2\/pages"}],"about":[{"href":"https:\/\/www.drcastro.es\/en\/wp-json\/wp\/v2\/types\/page"}],"author":[{"embeddable":true,"href":"https:\/\/www.drcastro.es\/en\/wp-json\/wp\/v2\/users\/1"}],"replies":[{"embeddable":true,"href":"https:\/\/www.drcastro.es\/en\/wp-json\/wp\/v2\/comments?post=2096"}],"version-history":[{"count":4,"href":"https:\/\/www.drcastro.es\/en\/wp-json\/wp\/v2\/pages\/2096\/revisions"}],"predecessor-version":[{"id":2592,"href":"https:\/\/www.drcastro.es\/en\/wp-json\/wp\/v2\/pages\/2096\/revisions\/2592"}],"wp:attachment":[{"href":"https:\/\/www.drcastro.es\/en\/wp-json\/wp\/v2\/media?parent=2096"}],"curies":[{"name":"wp","href":"https:\/\/api.w.org\/{rel}","templated":true}]}}